{"id":4442,"date":"2015-11-24T05:41:19","date_gmt":"2015-11-24T05:41:19","guid":{"rendered":"http:\/\/logistics.stylemixthemes.com\/demo\/?page_id=642"},"modified":"2021-06-28T18:35:01","modified_gmt":"2021-06-28T18:35:01","slug":"angebot","status":"publish","type":"page","link":"http:\/\/lukatransport.si\/language\/en\/angebot\/","title":{"rendered":"SERVICES"},"content":{"rendered":"<div class=\"vc_row wpb_row vc_row-fluid vc_custom_1448347192284\"><div class=\"wpb_column vc_column_container vc_col-sm-12 vc_col-lg-4 vc_col-md-4\"><div class=\"vc_column-inner\"><div class=\"wpb_wrapper\">\n\t<div class=\"wpb_text_column wpb_content_element  vc_custom_1624905131550\" >\n\t\t<div class=\"wpb_wrapper\">\n\t\t\t<p><span style=\"font-family: 'arial black', sans-serif; font-size: 24pt;\">QUALITY AND PERFORMANCE AT THE RIGHT PRICE!<\/span><\/p>\n\n\t\t<\/div>\n\t<\/div>\n<\/div><\/div><\/div><div class=\"wpb_column vc_column_container vc_col-sm-6 vc_col-lg-4 vc_col-md-4\"><div class=\"vc_column-inner\"><div class=\"wpb_wrapper\">\n\t<div class=\"wpb_text_column wpb_content_element\" >\n\t\t<div class=\"wpb_wrapper\">\n\t\t\t<p>In Luka transport, we offer quality, fast freight forwarding in Slovenia or abroad at great prices. We can also arrange tipper transport according to your wishes. Our fleet includes vehicles that meet the latest environmental standards in the European Union.<\/p>\n\n\t\t<\/div>\n\t<\/div>\n<\/div><\/div><\/div><div class=\"wpb_column vc_column_container vc_col-sm-6 vc_col-lg-4 vc_col-md-4\"><div class=\"vc_column-inner\"><div class=\"wpb_wrapper\">\n\t<div class=\"wpb_text_column wpb_content_element\" >\n\t\t<div class=\"wpb_wrapper\">\n\t\t\t<p>Over the years, we have gained many satisfied and regular customers. Customer satisfaction means the most to us, so throughout the years we take care of regular customer information and continuous development and education of employees.<\/p>\n\n\t\t<\/div>\n\t<\/div>\n<\/div><\/div><\/div><\/div><div data-vc-full-width=\"true\" data-vc-full-width-init=\"false\" class=\"vc_row wpb_row vc_row-fluid vc_custom_1448346440762 vc_row-has-fill\"><div class=\"wpb_column vc_column_container vc_col-sm-12\"><div class=\"vc_column-inner\"><div class=\"wpb_wrapper\"><div class=\"vc_row wpb_row vc_inner vc_row-fluid vc_custom_1449136946410\"><div class=\"wpb_column vc_column_container vc_col-sm-6\"><div class=\"vc_column-inner vc_custom_1449136957585\"><div class=\"wpb_wrapper\">\n<div class=\"stm_icon left icon_position_top\">\n\t\t\t<div class=\"icon\" style=\"font-size: 73px; height: 100px;\">\n\t\t\t<i class=\"stm-transport835\"><\/i>\n\t\t<\/div>\n\t\t<div class=\"icon_text\">\n\t\t\t\t\t<div class=\"title\" style=\"font-size: 24px; font-weight: 700; color: #ffffff;\">\n\t\t\t\t\t\t\t\t\tTransportation of pallet goods\t\t\t\t\t\t\t<\/div>\n\t\t\t\t\t<\/div>\n<\/div>\n<\/div><\/div><\/div><div class=\"wpb_column vc_column_container vc_col-sm-6\"><div class=\"vc_column-inner vc_custom_1449136961602\"><div class=\"wpb_wrapper\">\n<div class=\"stm_icon left icon_position_top\">\n\t\t\t<div class=\"icon\" style=\"font-size: 89px; height: 100px;\">\n\t\t\t<i class=\"stm-transport842\"><\/i>\n\t\t<\/div>\n\t\t<div class=\"icon_text\">\n\t\t\t\t\t<div class=\"title\" style=\"font-size: 24px; font-weight: 700; color: #ffffff;\">\n\t\t\t\t\t\t\t\t\tTRANSPORT WITH TARPAULINS\t\t\t\t\t\t\t<\/div>\n\t\t\t\t\t<\/div>\n<\/div>\n<\/div><\/div><\/div><\/div><div class=\"vc_row wpb_row vc_inner vc_row-fluid vc_custom_1449136951770\"><div class=\"wpb_column vc_column_container vc_col-sm-6\"><div class=\"vc_column-inner vc_custom_1449136966415\"><div class=\"wpb_wrapper\">\n<div class=\"stm_icon left icon_position_top\">\n\t\t\t<div class=\"icon\" style=\"font-size: 89px; height: 100px;\">\n\t\t\t<i class=\"stm-ground-transport\"><\/i>\n\t\t<\/div>\n\t\t<div class=\"icon_text\">\n\t\t\t\t\t<div class=\"title\" style=\"font-size: 24px; font-weight: 700; color: #ffffff;\">\n\t\t\t\t\t\t\t\t\tTRANSPORTATION OF BULK SHIPMENTS\t\t\t\t\t\t\t<\/div>\n\t\t\t\t\t<\/div>\n<\/div>\n<\/div><\/div><\/div><div class=\"wpb_column vc_column_container vc_col-sm-6\"><div class=\"vc_column-inner vc_custom_1449136971250\"><div class=\"wpb_wrapper\">\n<div class=\"stm_icon left icon_position_top\">\n\t\t\t<div class=\"icon\" style=\"font-size: 89px; height: 100px; color: #dd3333;\">\n\t\t\t<i class=\"stm-warehousing-service\"><\/i>\n\t\t<\/div>\n\t\t<div class=\"icon_text\">\n\t\t\t\t\t<div class=\"title\" style=\"font-size: 24px; font-weight: 700; color: #ffffff;\">\n\t\t\t\t\t\t\t\t\tSTORAGE AND TRANSHIPMENT\t\t\t\t\t\t\t<\/div>\n\t\t\t\t\t<\/div>\n<\/div>\n<\/div><\/div><\/div><\/div><div class=\"vc_row wpb_row vc_inner vc_row-fluid vc_custom_1449136951770\"><div class=\"wpb_column vc_column_container vc_col-sm-6\"><div class=\"vc_column-inner vc_custom_1449136966415\"><div class=\"wpb_wrapper\">\n<div class=\"stm_icon left icon_position_top\">\n\t\t\t<div class=\"icon\" style=\"font-size: 89px; height: 100px;\">\n\t\t\t<i class=\"stm-transport849\"><\/i>\n\t\t<\/div>\n\t\t<div class=\"icon_text\">\n\t\t\t\t\t<div class=\"title\" style=\"font-size: 24px; font-weight: 700; color: #ffffff;\">\n\t\t\t\t\t\t\t\t\tTRANSPORT OF BULK CARGO\t\t\t\t\t\t\t<\/div>\n\t\t\t\t\t<\/div>\n<\/div>\n<\/div><\/div><\/div><div class=\"wpb_column vc_column_container vc_col-sm-6\"><div class=\"vc_column-inner vc_custom_1449136971250\"><div class=\"wpb_wrapper\">\n<div class=\"stm_icon left icon_position_top\">\n\t\t\t<div class=\"icon\" style=\"font-size: 89px; height: 100px;\">\n\t\t\t<i class=\"stm-clock\"><\/i>\n\t\t<\/div>\n\t\t<div class=\"icon_text\">\n\t\t\t\t\t<div class=\"title\" style=\"font-size: 24px; font-weight: 700; color: #ffffff;\">\n\t\t\t\t\t\t\t\t\tEXPRESS-TRANSPORT\t\t\t\t\t\t\t<\/div>\n\t\t\t\t\t<\/div>\n<\/div>\n<\/div><\/div><\/div><\/div><\/div><\/div><\/div><\/div><div class=\"vc_row-full-width\"><\/div><div data-vc-full-width=\"true\" data-vc-full-width-init=\"false\" class=\"vc_row wpb_row vc_row-fluid secondary_bg_color vc_custom_1448346766847\"><div class=\"wpb_column vc_column_container vc_col-sm-12\"><div class=\"vc_column-inner\"><div class=\"wpb_wrapper\"><section class=\"vc_cta3-container\"><div class=\"vc_general vc_cta3 secondary_bg_color vc_cta3-style-classic vc_cta3-shape-square vc_cta3-align-left vc_cta3-color-classic vc_cta3-icon-size-md vc_cta3-actions-right\"><div class=\"vc_cta3_content-container\"><div class=\"vc_cta3-content\"><header class=\"vc_cta3-content-header\"><h2>Not sure which solution suits your business needs?<\/h2><\/header><\/div><div class=\"vc_cta3-actions\"><div class=\"vc_btn3-container vc_btn3-inline\" ><a class=\"vc_general vc_btn3 vc_btn3-size-md vc_btn3-shape-round vc_btn3-style-outline vc_btn3-icon-right vc_btn3-color-white\" href=\"http:\/\/lukatransport.si\/language\/en\/kontakt\/\" title=\"\">CONTACT US! <i class=\"vc_btn3-icon stm-arrow-next\"><\/i><\/a><\/div><\/div><\/div><\/div><\/section><\/div><\/div><\/div><\/div><div class=\"vc_row-full-width\"><\/div><div class=\"vc_row wpb_row vc_row-fluid vc_custom_1449137019491\"><div class=\"wpb_column vc_column_container vc_col-sm-6\"><div class=\"vc_column-inner\"><div class=\"wpb_wrapper\">\n\t<div class=\"wpb_text_column wpb_content_element  vc_custom_1624905261268\" >\n\t\t<div class=\"wpb_wrapper\">\n\t\t\t<h3>Great solutions for your worries!<\/h3>\n<p>We try to adapt to the requirements of each client. With our connections in Italy, Germany, Belgium, the Netherlands, Austria, Croatia, we try to find the most convenient transport for you. We are responsive and flexible to customers.<\/p>\n\n\t\t<\/div>\n\t<\/div>\n<\/div><\/div><\/div><div class=\"wpb_column vc_column_container vc_col-sm-6\"><div class=\"vc_column-inner\"><div class=\"wpb_wrapper\">\n\t<div  class=\"wpb_single_image wpb_content_element vc_align_right\">\n\t\t\n\t\t<figure class=\"wpb_wrapper vc_figure\">\n\t\t\t<div class=\"vc_single_image-wrapper   vc_box_border_grey\"><img loading=\"lazy\" decoding=\"async\" class=\"vc_single_image-img\" src=\"http:\/\/lukatransport.si\/language\/wp-content\/uploads\/2020\/06\/IMG-087413f7764d67efde2e7b6cecff70f3-V-600x450.jpg\" width=\"600\" height=\"450\" alt=\"IMG-087413f7764d67efde2e7b6cecff70f3-V\" title=\"IMG-087413f7764d67efde2e7b6cecff70f3-V\" \/><\/div>\n\t\t<\/figure>\n\t<\/div>\n<\/div><\/div><\/div><\/div><div data-vc-full-width=\"true\" data-vc-full-width-init=\"false\" data-vc-stretch-content=\"true\" class=\"vc_row wpb_row vc_row-fluid secondary_bg_color services_icons reset-sm-paddings vc_custom_1450671531930 vc_row-no-padding vc_row-o-equal-height vc_row-o-content-top vc_row-flex\"><div class=\"wpb_column vc_column_container vc_col-sm-12 vc_col-lg-4 vc_col-md-4\"><div class=\"vc_column-inner vc_custom_1449204255225\"><div class=\"wpb_wrapper\">\n<div class=\"stm_icon center icon_position_top\">\n\t\t\t<div class=\"icon\" style=\"font-size: 67px; height: 90px; color: #ffffff;\">\n\t\t\t<i class=\"stm-security\"><\/i>\n\t\t<\/div>\n\t\t<div class=\"icon_text\">\n\t\t\t\t\t<div class=\"title\" style=\"font-size: 24px; font-weight: 700; color: #ffffff;\">\n\t\t\t\t\t\t\t\t\tSECURITY\t\t\t\t\t\t\t<\/div>\n\t\t\t\t\t<\/div>\n<\/div>\n<\/div><\/div><\/div><div class=\"wpb_column vc_column_container vc_col-sm-12 vc_col-lg-4 vc_col-md-4 vc_col-has-fill\"><div class=\"vc_column-inner vc_custom_1449204260881\"><div class=\"wpb_wrapper\">\n<div class=\"stm_icon center icon_position_top\">\n\t\t\t<div class=\"icon\" style=\"font-size: 67px; height: 90px; color: #ffffff;\">\n\t\t\t<i class=\"stm-fast-delivery\"><\/i>\n\t\t<\/div>\n\t\t<div class=\"icon_text\">\n\t\t\t\t\t<div class=\"title\" style=\"font-size: 24px; font-weight: 700; color: #ffffff;\">\n\t\t\t\t\t\t\t\t\tON TIME DELIVERY<br \/>\n\t\t\t\t\t\t\t<\/div>\n\t\t\t\t\t<\/div>\n<\/div>\n<\/div><\/div><\/div><div class=\"wpb_column vc_column_container vc_col-sm-12 vc_col-lg-4 vc_col-md-4 vc_col-has-fill\"><div class=\"vc_column-inner vc_custom_1449204266169\"><div class=\"wpb_wrapper\">\n<div class=\"stm_icon center icon_position_top\">\n\t\t\t<div class=\"icon\" style=\"font-size: 67px; height: 90px; color: #ffffff;\">\n\t\t\t<i class=\"stm-support\"><\/i>\n\t\t<\/div>\n\t\t<div class=\"icon_text\">\n\t\t\t\t\t<div class=\"title\" style=\"font-size: 24px; font-weight: 700; color: #ffffff;\">\n\t\t\t\t\t\t\t\t\tRESPONSIBILITY\t\t\t\t\t\t\t<\/div>\n\t\t\t\t\t<\/div>\n<\/div>\n<\/div><\/div><\/div><\/div><div class=\"vc_row-full-width\"><\/div>","protected":false},"excerpt":{"rendered":"QUALIT\u00c4T UND LEISTUNG ZUM RICHTIGEN PREIS! Bei Luka Transport bieten wir qualitativ hochwertige und schnelle Spedition in Slowenien oder im Ausland zu g\u00fcnstigen Preisen. Wir k\u00f6nnen auch den Kippentransport nach Ihren W\u00fcnschen arrangieren....","protected":false},"author":1,"featured_media":0,"parent":0,"menu_order":0,"comment_status":"closed","ping_status":"closed","template":"","meta":{"footnotes":""},"class_list":["post-4442","page","type-page","status-publish","hentry"],"_links":{"self":[{"href":"http:\/\/lukatransport.si\/language\/en\/wp-json\/wp\/v2\/pages\/4442","targetHints":{"allow":["GET"]}}],"collection":[{"href":"http:\/\/lukatransport.si\/language\/en\/wp-json\/wp\/v2\/pages"}],"about":[{"href":"http:\/\/lukatransport.si\/language\/en\/wp-json\/wp\/v2\/types\/page"}],"author":[{"embeddable":true,"href":"http:\/\/lukatransport.si\/language\/en\/wp-json\/wp\/v2\/users\/1"}],"replies":[{"embeddable":true,"href":"http:\/\/lukatransport.si\/language\/en\/wp-json\/wp\/v2\/comments?post=4442"}],"version-history":[{"count":2,"href":"http:\/\/lukatransport.si\/language\/en\/wp-json\/wp\/v2\/pages\/4442\/revisions"}],"predecessor-version":[{"id":4478,"href":"http:\/\/lukatransport.si\/language\/en\/wp-json\/wp\/v2\/pages\/4442\/revisions\/4478"}],"wp:attachment":[{"href":"http:\/\/lukatransport.si\/language\/en\/wp-json\/wp\/v2\/media?parent=4442"}],"curies":[{"name":"wp","href":"https:\/\/api.w.org\/{rel}","templated":true}]}}